{"id":112,"date":"2025-01-30T10:10:31","date_gmt":"2025-01-30T10:10:31","guid":{"rendered":"https:\/\/quercus.hu\/?page_id=112"},"modified":"2025-04-25T19:52:53","modified_gmt":"2025-04-25T19:52:53","slug":"elerhetosegek","status":"publish","type":"page","link":"https:\/\/quercus.hu\/en\/elerhetosegek\/","title":{"rendered":"Contact"},"content":{"rendered":"<div data-elementor-type=\"wp-page\" data-elementor-id=\"112\" class=\"elementor elementor-112\" data-elementor-post-type=\"page\">\n\t\t\t\t<div class=\"elementor-element elementor-element-280aae5b e-con-full e-flex e-con e-parent\" data-id=\"280aae5b\" data-element_type=\"container\" data-settings=\"{&quot;background_background&quot;:&quot;classic&quot;}\">\n\t\t<div class=\"elementor-element elementor-element-3234dbb4 e-flex e-con-boxed e-con e-child\" data-id=\"3234dbb4\" data-element_type=\"container\" data-settings=\"{&quot;background_background&quot;:&quot;classic&quot;}\">\n\t\t\t\t\t<div class=\"e-con-inner\">\n\t\t\t\t\t<\/div>\n\t\t\t\t<\/div>\n\t\t<div class=\"elementor-element elementor-element-5d22257d e-con-full e-flex e-con e-child\" data-id=\"5d22257d\" data-element_type=\"container\" data-settings=\"{&quot;background_background&quot;:&quot;classic&quot;}\">\n\t\t<div class=\"elementor-element elementor-element-214b765 e-con-full e-flex e-con e-child\" data-id=\"214b765\" data-element_type=\"container\" data-settings=\"{&quot;background_background&quot;:&quot;classic&quot;}\">\n\t\t\t\t<div class=\"elementor-element elementor-element-6a6bf543 elementor-widget elementor-widget-heading\" data-id=\"6a6bf543\" data-element_type=\"widget\" data-widget_type=\"heading.default\">\n\t\t\t\t\t<h2 class=\"elementor-heading-title elementor-size-default\">EL\u00c9RHET\u0150S\u00c9GEK<\/h2>\t\t\t\t<\/div>\n\t\t<div class=\"elementor-element elementor-element-5b98e14 e-con-full e-flex e-con e-child\" data-id=\"5b98e14\" data-element_type=\"container\">\n\t\t<div class=\"elementor-element elementor-element-7c97b21 e-con-full e-flex e-con e-child\" data-id=\"7c97b21\" data-element_type=\"container\">\n\t\t\t\t<div class=\"elementor-element elementor-element-fcd051b elementor-widget elementor-widget-text-editor\" data-id=\"fcd051b\" data-element_type=\"widget\" data-widget_type=\"text-editor.default\">\n\t\t\t\t\t\t\t\t\t<p><b>Levelez\u00e9si c\u00edm:<\/b>\u00a0 \u00a0<b>Quercus Audit RB. Kft.<\/b><br \/>\u00a0 \u00a0 \u00a0 \u00a0 \u00a0 \u00a0 \u00a0 \u00a0 \u00a0 \u00a0 \u00a0 \u00a0 \u00a0 \u00a0 \u00a08200 Veszpr\u00e9m, Radn\u00f3ti t\u00e9r 2.\/C<\/p><p>\u00a0 \u00a0 \u00a0 \u00a0 \u00a0 \u00a0 \u00a0 \u00a0 \u00a0 \u00a0 \u00a0 \u00a0 \u00a0 \u00a0 \u00a0<b>Quercus Audit Kft.<\/b><br \/>\u00a0 \u00a0 \u00a0 \u00a0 \u00a0 \u00a0 \u00a0 \u00a0 \u00a0 \u00a0 \u00a0 \u00a0 \u00a0 \u00a0 \u00a08200 Veszpr\u00e9m, Radn\u00f3ti t\u00e9r 2.\/C<\/p><p>\u00a0 \u00a0 \u00a0 \u00a0 \u00a0 \u00a0 \u00a0 \u00a0 \u00a0 \u00a0 \u00a0 \u00a0 \u00a0 \u00a0 \u00a0<b>Quercus 2005 Kft.<\/b><br \/>\u00a0 \u00a0 \u00a0 \u00a0 \u00a0 \u00a0 \u00a0 \u00a0 \u00a0 \u00a0 \u00a0 \u00a0 \u00a0 \u00a0 \u00a08200 Veszpr\u00e9m, Radn\u00f3ti t\u00e9r 2.\/C<\/p><p><b>E-mail:<\/b>\u00a0 \u00a0 \u00a0 \u00a0 \u00a0 \u00a0 \u00a0 \u00a0 \u00a0quercus@quercus.hu<\/p><p><b>Telefon:\u00a0<\/b> \u00a0 \u00a0 \u00a0 \u00a0 \u00a0 \u00a0 \u00a0+36-88\/780-348<\/p>\t\t\t\t\t\t\t\t<\/div>\n\t\t\t\t<\/div>\n\t\t\t\t<div class=\"elementor-element elementor-element-7ce591f elementor-invisible elementor-widget elementor-widget-google_maps\" data-id=\"7ce591f\" data-element_type=\"widget\" data-settings=\"{&quot;_animation&quot;:&quot;fadeIn&quot;}\" data-widget_type=\"google_maps.default\">\n\t\t\t\t\t\t\t<div class=\"elementor-custom-embed\">\n\t\t\t<iframe loading=\"lazy\"\n\t\t\t\t\tsrc=\"https:\/\/maps.google.com\/maps?q=8200%20Veszpr%C3%A9m%2C%20Radn%C3%B3ti%20t%C3%A9r%202.%2FC&#038;t=m&#038;z=16&#038;output=embed&#038;iwloc=near\"\n\t\t\t\t\ttitle=\"8200 Veszpr\u00e9m, Radn\u00f3ti t\u00e9r 2.\/C\"\n\t\t\t\t\taria-label=\"8200 Veszpr\u00e9m, Radn\u00f3ti t\u00e9r 2.\/C\"\n\t\t\t><\/iframe>\n\t\t<\/div>\n\t\t\t\t\t\t<\/div>\n\t\t\t\t<\/div>\n\t\t\t\t<\/div>\n\t\t\t\t<\/div>\n\t\t\t\t<\/div>\n\t\t\t\t<\/div>","protected":false},"excerpt":{"rendered":"<p>EL\u00c9RHET\u0150S\u00c9GEK Levelez\u00e9si c\u00edm:\u00a0 \u00a0Quercus Audit RB. Kft.\u00a0 \u00a0 \u00a0 \u00a0 \u00a0 \u00a0 \u00a0 \u00a0 \u00a0 \u00a0 \u00a0 \u00a0 \u00a0 \u00a0 \u00a08200 Veszpr\u00e9m, Radn\u00f3ti t\u00e9r 2.\/C \u00a0 \u00a0 \u00a0 \u00a0 \u00a0 \u00a0 \u00a0 \u00a0 \u00a0 \u00a0 \u00a0 \u00a0 \u00a0 \u00a0 \u00a0Quercus Audit Kft.\u00a0 \u00a0 \u00a0 \u00a0 \u00a0 \u00a0 \u00a0 \u00a0 \u00a0 \u00a0 \u00a0 \u00a0 \u00a0 \u00a0&#8230;<\/p>","protected":false},"author":1,"featured_media":0,"parent":0,"menu_order":0,"comment_status":"closed","ping_status":"closed","template":"","meta":{"_kad_post_transparent":"","_kad_post_title":"hide","_kad_post_layout":"fullwidth","_kad_post_sidebar_id":"","_kad_post_content_style":"unboxed","_kad_post_vertical_padding":"hide","_kad_post_feature":"hide","_kad_post_feature_position":"","_kad_post_header":false,"_kad_post_footer":false,"footnotes":""},"class_list":["post-112","page","type-page","status-publish","hentry"],"_links":{"self":[{"href":"https:\/\/quercus.hu\/en\/wp-json\/wp\/v2\/pages\/112","targetHints":{"allow":["GET"]}}],"collection":[{"href":"https:\/\/quercus.hu\/en\/wp-json\/wp\/v2\/pages"}],"about":[{"href":"https:\/\/quercus.hu\/en\/wp-json\/wp\/v2\/types\/page"}],"author":[{"embeddable":true,"href":"https:\/\/quercus.hu\/en\/wp-json\/wp\/v2\/users\/1"}],"replies":[{"embeddable":true,"href":"https:\/\/quercus.hu\/en\/wp-json\/wp\/v2\/comments?post=112"}],"version-history":[{"count":169,"href":"https:\/\/quercus.hu\/en\/wp-json\/wp\/v2\/pages\/112\/revisions"}],"predecessor-version":[{"id":1924,"href":"https:\/\/quercus.hu\/en\/wp-json\/wp\/v2\/pages\/112\/revisions\/1924"}],"wp:attachment":[{"href":"https:\/\/quercus.hu\/en\/wp-json\/wp\/v2\/media?parent=112"}],"curies":[{"name":"wp","href":"https:\/\/api.w.org\/{rel}","templated":true}]}}