{"id":124,"date":"2025-01-30T10:12:33","date_gmt":"2025-01-30T10:12:33","guid":{"rendered":"https:\/\/quercus.hu\/?page_id=124"},"modified":"2026-04-30T09:01:14","modified_gmt":"2026-04-30T09:01:14","slug":"atlathatosagi-jelentes","status":"publish","type":"page","link":"https:\/\/quercus.hu\/en\/atlathatosagi-jelentes\/","title":{"rendered":"Transparency report"},"content":{"rendered":"<div data-elementor-type=\"wp-page\" data-elementor-id=\"124\" class=\"elementor elementor-124\" data-elementor-post-type=\"page\">\n\t\t\t\t<div class=\"elementor-element elementor-element-1c28d52 e-con-full e-flex e-con e-parent\" data-id=\"1c28d52\" data-element_type=\"container\" data-settings=\"{&quot;background_background&quot;:&quot;classic&quot;}\">\n\t\t<div class=\"elementor-element elementor-element-307304f7 e-flex e-con-boxed e-con e-child\" data-id=\"307304f7\" data-element_type=\"container\" data-settings=\"{&quot;background_background&quot;:&quot;classic&quot;}\">\n\t\t\t\t\t<div class=\"e-con-inner\">\n\t\t\t\t\t<\/div>\n\t\t\t\t<\/div>\n\t\t<div class=\"elementor-element elementor-element-3a70434c e-con-full e-flex e-con e-child\" data-id=\"3a70434c\" data-element_type=\"container\" data-settings=\"{&quot;background_background&quot;:&quot;classic&quot;}\">\n\t\t<div class=\"elementor-element elementor-element-4f502877 e-con-full e-flex e-con e-child\" data-id=\"4f502877\" data-element_type=\"container\" data-settings=\"{&quot;background_background&quot;:&quot;classic&quot;}\">\n\t\t\t\t<div class=\"elementor-element elementor-element-7706e122 elementor-widget elementor-widget-heading\" data-id=\"7706e122\" data-element_type=\"widget\" data-widget_type=\"heading.default\">\n\t\t\t\t\t<h2 class=\"elementor-heading-title elementor-size-default\">\u00c1TL\u00c1THAT\u00d3S\u00c1G<\/h2>\t\t\t\t<\/div>\n\t\t\t\t<div class=\"elementor-element elementor-element-4f4cd22a elementor-widget elementor-widget-text-editor\" data-id=\"4f4cd22a\" data-element_type=\"widget\" data-widget_type=\"text-editor.default\">\n\t\t\t\t\t\t\t\t\t<p align=\"center\"><a href=\"https:\/\/quercus.hu\/wp-content\/uploads\/2025\/04\/atlathatosagi_jelentes_quercus_audit_2021.pdf\"><strong><em>\u00c1tl\u00e1that\u00f3s\u00e1gi jelent\u00e9s (2021.) \u00a0 \u00a0<\/em><\/strong><\/a><a href=\"https:\/\/quercus.hu\/wp-content\/uploads\/2025\/04\/atlathatosagi_jelentes_quercus_audit_2021.pdf\">Jelent\u00e9s megtekint\u00e9se<\/a><\/p><p align=\"center\"><a href=\"https:\/\/quercus.hu\/wp-content\/uploads\/2025\/04\/atlathatosagi_jelentes_quercus_audit_2022.pdf\"><strong><em>\u00c1tl\u00e1that\u00f3s\u00e1gi jelent\u00e9s (2022.)<\/em><\/strong><\/a> \u00a0<a href=\"https:\/\/quercus.hu\/wp-content\/uploads\/2025\/04\/atlathatosagi_jelentes_quercus_audit_2022.pdf\">Jelent\u00e9s megtekint\u00e9se<\/a><\/p><p align=\"center\"><a href=\"https:\/\/quercus.hu\/wp-content\/uploads\/2025\/04\/atlathatosagi_jelentes_quercus_audit_2023.pdf\"><strong><em>\u00c1tl\u00e1that\u00f3s\u00e1gi jelent\u00e9s (2023.)<\/em><\/strong><\/a> \u00a0<a href=\"https:\/\/quercus.hu\/wp-content\/uploads\/2025\/04\/atlathatosagi_jelentes_quercus_audit_2023.pdf\">Jelent\u00e9s megtekint\u00e9se<\/a><\/p><p align=\"center\"><a href=\"https:\/\/quercus.hu\/wp-content\/uploads\/2025\/04\/Atlathatosagi-jelentes_2024_esign.pdf\"><strong><em>\u00c1tl\u00e1that\u00f3s\u00e1gi jelent\u00e9s (2024.)<\/em><\/strong><\/a> \u00a0<a href=\"https:\/\/quercus.hu\/wp-content\/uploads\/2025\/04\/Atlathatosagi-jelentes_2024_esign.pdf\">Jelent\u00e9s megtekint\u00e9se<\/a><\/p><p align=\"center\"><a href=\"https:\/\/quercus.hu\/wp-content\/uploads\/2026\/04\/Atlathatosagi-jelentes-2025.pdf\"><strong><em>\u00c1tl\u00e1that\u00f3s\u00e1gi jelent\u00e9s (2025.)<\/em><\/strong><\/a> \u00a0<a href=\"https:\/\/quercus.hu\/wp-content\/uploads\/2026\/04\/Atlathatosagi-jelentes-2025.pdf\">Jelent\u00e9s megtekint\u00e9se<\/a><\/p>\t\t\t\t\t\t\t\t<\/div>\n\t\t\t\t<\/div>\n\t\t\t\t<\/div>\n\t\t\t\t<\/div>\n\t\t\t\t<\/div>","protected":false},"excerpt":{"rendered":"<p>\u00c1TL\u00c1THAT\u00d3S\u00c1G \u00c1tl\u00e1that\u00f3s\u00e1gi jelent\u00e9s (2021.) \u00a0 \u00a0Jelent\u00e9s megtekint\u00e9se \u00c1tl\u00e1that\u00f3s\u00e1gi jelent\u00e9s (2022.) \u00a0Jelent\u00e9s megtekint\u00e9se \u00c1tl\u00e1that\u00f3s\u00e1gi jelent\u00e9s (2023.) \u00a0Jelent\u00e9s megtekint\u00e9se \u00c1tl\u00e1that\u00f3s\u00e1gi jelent\u00e9s (2024.) \u00a0Jelent\u00e9s megtekint\u00e9se \u00c1tl\u00e1that\u00f3s\u00e1gi jelent\u00e9s (2025.) \u00a0Jelent\u00e9s megtekint\u00e9se<\/p>","protected":false},"author":1,"featured_media":0,"parent":0,"menu_order":0,"comment_status":"closed","ping_status":"closed","template":"","meta":{"_kad_post_transparent":"","_kad_post_title":"hide","_kad_post_layout":"fullwidth","_kad_post_sidebar_id":"","_kad_post_content_style":"unboxed","_kad_post_vertical_padding":"hide","_kad_post_feature":"hide","_kad_post_feature_position":"","_kad_post_header":false,"_kad_post_footer":false,"footnotes":""},"class_list":["post-124","page","type-page","status-publish","hentry"],"_links":{"self":[{"href":"https:\/\/quercus.hu\/en\/wp-json\/wp\/v2\/pages\/124","targetHints":{"allow":["GET"]}}],"collection":[{"href":"https:\/\/quercus.hu\/en\/wp-json\/wp\/v2\/pages"}],"about":[{"href":"https:\/\/quercus.hu\/en\/wp-json\/wp\/v2\/types\/page"}],"author":[{"embeddable":true,"href":"https:\/\/quercus.hu\/en\/wp-json\/wp\/v2\/users\/1"}],"replies":[{"embeddable":true,"href":"https:\/\/quercus.hu\/en\/wp-json\/wp\/v2\/comments?post=124"}],"version-history":[{"count":88,"href":"https:\/\/quercus.hu\/en\/wp-json\/wp\/v2\/pages\/124\/revisions"}],"predecessor-version":[{"id":1961,"href":"https:\/\/quercus.hu\/en\/wp-json\/wp\/v2\/pages\/124\/revisions\/1961"}],"wp:attachment":[{"href":"https:\/\/quercus.hu\/en\/wp-json\/wp\/v2\/media?parent=124"}],"curies":[{"name":"wp","href":"https:\/\/api.w.org\/{rel}","templated":true}]}}