{"id":1483,"date":"2025-04-18T12:47:40","date_gmt":"2025-04-18T12:47:40","guid":{"rendered":"https:\/\/quercus.hu\/?page_id=1483"},"modified":"2025-04-25T05:43:56","modified_gmt":"2025-04-25T05:43:56","slug":"szolgaltatasok","status":"publish","type":"page","link":"https:\/\/quercus.hu\/en\/szolgaltatasok\/","title":{"rendered":"Service"},"content":{"rendered":"<div data-elementor-type=\"wp-page\" data-elementor-id=\"1483\" class=\"elementor elementor-1483\" data-elementor-post-type=\"page\">\n\t\t\t\t<div class=\"elementor-element elementor-element-3b25b189 e-con-full e-flex e-con e-parent\" data-id=\"3b25b189\" data-element_type=\"container\" data-settings=\"{&quot;background_background&quot;:&quot;classic&quot;}\">\n\t\t<div class=\"elementor-element elementor-element-3fa095c e-flex e-con-boxed e-con e-child\" data-id=\"3fa095c\" data-element_type=\"container\" data-settings=\"{&quot;background_background&quot;:&quot;classic&quot;}\">\n\t\t\t\t\t<div class=\"e-con-inner\">\n\t\t\t\t\t<\/div>\n\t\t\t\t<\/div>\n\t\t<div class=\"elementor-element elementor-element-4612a4f e-con-full e-flex e-con e-child\" data-id=\"4612a4f\" data-element_type=\"container\" data-settings=\"{&quot;background_background&quot;:&quot;classic&quot;}\">\n\t\t<div class=\"elementor-element elementor-element-96830fa e-con-full e-flex e-con e-child\" data-id=\"96830fa\" data-element_type=\"container\" data-settings=\"{&quot;background_background&quot;:&quot;classic&quot;}\">\n\t\t\t\t<div class=\"elementor-element elementor-element-b299b12 elementor-widget elementor-widget-heading\" data-id=\"b299b12\" data-element_type=\"widget\" data-widget_type=\"heading.default\">\n\t\t\t\t\t<h2 class=\"elementor-heading-title elementor-size-default\">SZOLG\u00c1LTAT\u00c1SOK<\/h2>\t\t\t\t<\/div>\n\t\t\t\t<div class=\"elementor-element elementor-element-239b7ad elementor-widget elementor-widget-text-editor\" data-id=\"239b7ad\" data-element_type=\"widget\" data-widget_type=\"text-editor.default\">\n\t\t\t\t\t\t\t\t\t<p><b>\u00c1lland\u00f3 k\u00f6nyvvizsg\u00e1lat<\/b><\/p><p><span style=\"font-weight: 400;\">Irod\u00e1nk<\/span> <span style=\"font-weight: 400;\">f\u0151 profilja a k\u00f6nyvvizsg\u00e1lat, ezen bel\u00fcl az \u00e1lland\u00f3 k\u00f6nyvvizsg\u00e1l\u00f3 feladatk\u00f6r.<\/span><\/p><p><span style=\"font-weight: 400;\">Megb\u00edz\u00f3inkn\u00e1l a folyamatos k\u00f6nyvvizsg\u00e1l\u00f3i feladatokat a Magyar Nemzeti K\u00f6nyvvizsg\u00e1lati Standardok alapj\u00e1n hajtjuk v\u00e9gre. A k\u00f6nyvvizsg\u00e1lat mag\u00e1ban foglalja a p\u00e9nz\u00fcgyi kimutat\u00e1sok t\u00e9nysz\u00e1mait \u00e9s kijelent\u00e9seit al\u00e1t\u00e1maszt\u00f3 bizony\u00edt\u00e9kok \u00e1tfog\u00f3 vizsg\u00e1lat\u00e1t, emellett tartalmazza az alkalmazott sz\u00e1mviteli alapelvek \u00e9s a vezet\u00e9s \u00e1ltal tett l\u00e9nyeges becsl\u00e9sek meg\u00edt\u00e9l\u00e9s\u00e9t, valamint a p\u00e9nz\u00fcgyi kimutat\u00e1sok \u00e1tfog\u00f3 bemutat\u00e1s\u00e1nak \u00e9rt\u00e9kel\u00e9s\u00e9t.<\/span><\/p><p><span style=\"font-weight: 400;\">A p\u00e9nz\u00fcgyi kimutat\u00e1sokr\u00f3l sz\u00f3l\u00f3 k\u00f6nyvvizsg\u00e1l\u00f3i jelent\u00e9s\u00fcnk kieg\u00e9sz\u00edt\u00e9sek\u00e9ppen, ha sz\u00fcks\u00e9ges, k\u00fcl\u00f6n vezet\u0151i lev\u00e9lben t\u00e1j\u00e9koztatjuk \u00fcgyfeleinket a sz\u00e1mviteli \u00e9s bels\u0151 ellen\u0151rz\u00e9si rendszer ter\u00fclet\u00e9n mutatkoz\u00f3 probl\u00e9m\u00e1kr\u00f3l.<\/span><\/p><p><b>Speci\u00e1lis k\u00f6nyvvizsg\u00e1lati feladatok<\/b><\/p><p><span style=\"font-weight: 400;\">Tev\u00e9kenys\u00e9g\u00fcnk az al\u00e1bbi speci\u00e1lis k\u00f6nyvvizsg\u00e1lati feladatokra is kiterjed<\/span><\/p><ul><li style=\"list-style-type: none;\"><ul><li style=\"list-style-type: none;\"><ul><li style=\"font-weight: 400;\" aria-level=\"1\"><span style=\"font-weight: 400;\">Konszolid\u00e1lt besz\u00e1mol\u00f3 k\u00f6nyvvizsg\u00e1lata<\/span><\/li><li style=\"font-weight: 400;\" aria-level=\"1\"><span style=\"font-weight: 400;\">\u00c1talakul\u00e1s k\u00f6nyvvizsg\u00e1lata<\/span><\/li><li style=\"font-weight: 400;\" aria-level=\"1\"><span style=\"font-weight: 400;\">K\u00f6zbens\u0151 m\u00e9rleg k\u00f6nyvvizsg\u00e1lata<\/span><\/li><li style=\"font-weight: 400;\" aria-level=\"1\"><span style=\"font-weight: 400;\">Fenntarthat\u00f3s\u00e1gi jelent\u00e9s k\u00f6nyvvizsg\u00e1lata<\/span><\/li><\/ul><\/li><\/ul><\/li><\/ul><ul><li style=\"list-style-type: none;\"><ul><li style=\"list-style-type: none;\"><ul><li style=\"font-weight: 400;\" aria-level=\"1\"><span style=\"font-weight: 400;\">Apportnyilatkozat k\u00e9sz\u00edt\u00e9se\u00a0<\/span><\/li><li style=\"font-weight: 400;\" aria-level=\"1\"><span style=\"font-weight: 400;\">P\u00e1ly\u00e1zati k\u00f6nyvvizsg\u00e1lat, ezen bel\u00fcl l\u00e1tv\u00e1nycsapatsport t\u00e1mogat\u00e1sok k\u00f6nyvvizsg\u00e1lata\u00a0<\/span><\/li><li style=\"font-weight: 400;\" aria-level=\"1\"><span style=\"font-weight: 400;\">K\u00f6nyvvizsg\u00e1l\u00f3i nyilatkozat elk\u00e9sz\u00edt\u00e9se k\u00f6z\u00fati \u00e1rufuvaroz\u00f3k \u00e9s szem\u00e9lysz\u00e1ll\u00edt\u00e1st v\u00e9gz\u0151k r\u00e9sz\u00e9re<\/span><\/li><\/ul><\/li><\/ul><\/li><\/ul><ul><li style=\"list-style-type: none;\"><ul><li style=\"list-style-type: none;\"><ul><li style=\"font-weight: 400;\" aria-level=\"1\"><span style=\"font-weight: 400;\">\u00c9rt\u00e9khelyesb\u00edt\u00e9s k\u00f6nyvvizsg\u00e1lata\u00a0<\/span><\/li><li style=\"font-weight: 400;\" aria-level=\"1\"><span style=\"font-weight: 400;\">Mez\u0151gazdas\u00e1gi \u00e1rbev\u00e9tel nyilatkozat<\/span><\/li><li style=\"font-weight: 400;\" aria-level=\"1\"><span style=\"font-weight: 400;\">P\u00e9nznemv\u00e1lt\u00e1s k\u00f6nyvvizsg\u00e1lata<\/span><\/li><\/ul><\/li><\/ul><\/li><\/ul><p><span style=\"font-weight: 400;\">K\u00f6nyvvizsg\u00e1l\u00f3 t\u00e1rsas\u00e1gaink a Magyar K\u00f6nyvvizsg\u00e1l\u00f3i Kamara n\u00e9vjegyz\u00e9k\u00e9ben szerepelnek, k\u00f6lts\u00e9gvet\u00e9si, p\u00e9nz\u00fcgyi int\u00e9zm\u00e9nyi, befektet\u00e9si v\u00e1llalkoz\u00e1si, kibocs\u00e1t\u00f3i, IFRS, fenntarthat\u00f3s\u00e1gi min\u0151s\u00edt\u00e9ssel, \u00e9s a jogszab\u00e1lyi el\u0151\u00edr\u00e1soknak megfelel\u0151 felel\u0151ss\u00e9gbiztos\u00edt\u00e1ssal rendelkeznek, \u00edgy a felsorolt tev\u00e9kenys\u00e9gek v\u00e9gz\u00e9s\u00e9re jogosultak.<\/span><\/p><p><b>Tax consultation<\/b><\/p><p><span style=\"font-weight: 400;\">Our tax consultation has a general scope, although it also includes recommendations for specific tax issues and the assistance such as collection of background information, participation in discussions and negotiations, as well as keeping the records of those meetings.\u00a0<\/span><\/p><p><span style=\"font-weight: 400;\">Tax consultation includes:<\/span><\/p><ul><li style=\"list-style-type: none;\"><ul><li style=\"font-weight: 400;\" aria-level=\"1\"><span style=\"font-weight: 400;\">-<\/span><\/li><li style=\"font-weight: 400;\" aria-level=\"1\"><span style=\"font-weight: 400;\">\u00e1ll\u00e1sfoglal\u00e1s ir\u00e1nti k\u00e9relmek el\u0151k\u00e9sz\u00edt\u00e9se \u00e9s el\u0151terjeszt\u00e9se az ad\u00f3hat\u00f3s\u00e1gn\u00e1l, P\u00e9nz\u00fcgyminiszt\u00e9riumn\u00e1l<\/span><\/li><li style=\"font-weight: 400;\" aria-level=\"1\"><span style=\"font-weight: 400;\">client representation during the course of any control by the authorities, and that of excise action<\/span><\/li><li style=\"font-weight: 400;\" aria-level=\"1\"><span style=\"font-weight: 400;\">taking participation in the litigation of the review of decree of Valuation Office<\/span><\/li><\/ul><\/li><\/ul><p><b>Counselling business and accounting<\/b><\/p><p><span style=\"font-weight: 400;\">T\u00e1mogat\u00e1st ny\u00fajtunk a sz\u00e1mviteli szab\u00e1lyzatok megfelel\u0151 elk\u00e9sz\u00edt\u00e9s\u00e9ben, a l\u00e9tez\u0151 szab\u00e1lyzatok fel\u00fclvizsg\u00e1lat\u00e1ban, a sz\u00e1mviteli nyilv\u00e1ntart\u00e1sok, a k\u00f6nyvvezet\u00e9s folyamatos szab\u00e1lyszer\u0171 m\u0171k\u00f6dtet\u00e9s\u00e9ben, az esetlegesen felmer\u00fcl\u0151 \u00faj gazdas\u00e1gi esem\u00e9nyek megfelel\u0151 kezel\u00e9s\u00e9ben. Hat\u00e9kony seg\u00edts\u00e9get biztos\u00edtunk az adott tranzakci\u00f3kat vagy folyamatokat \u00e9rint\u0151 d\u00f6nt\u00e9sek el\u0151k\u00e9sz\u00edt\u00e9s\u00e9ben \u00e9s megalapoz\u00e1s\u00e1ban, tov\u00e1bb\u00e1 a sz\u00e1mviteli folyamatok \u00e9s inform\u00e1ci\u00f3k felt\u00e9rk\u00e9pez\u00e9s\u00e9ben, rendszerez\u00e9s\u00e9ben, javaslatok elk\u00e9sz\u00edt\u00e9s\u00e9ben, amelyek hozz\u00e1j\u00e1rulnak a hat\u00e9kony z\u00e1r\u00e1si folyamatok kivitelez\u00e9s\u00e9hez.<\/span><\/p><p><b>Egy\u00e9b sz\u00e1mviteli szolg\u00e1ltat\u00e1sok<\/b><\/p><p><span style=\"font-weight: 400;\">Partnereinknek seg\u00edts\u00e9get tudunk ny\u00fajtani az al\u00e1bbi sz\u00e1mviteli feladatokban is<\/span><\/p><ul><li style=\"list-style-type: none;\"><ul><li style=\"list-style-type: none;\"><ul><li style=\"font-weight: 400;\" aria-level=\"1\"><span style=\"font-weight: 400;\">Ad\u00f3, p\u00e9nz\u00fcgyi \u00e9s sz\u00e1mviteli \u00e1tvil\u00e1g\u00edt\u00e1sok<\/span><\/li><li style=\"font-weight: 400;\" aria-level=\"1\"><span style=\"font-weight: 400;\">Vagyon\u00e9rt\u00e9kel\u00e9s<\/span><\/li><li style=\"font-weight: 400;\" aria-level=\"1\"><span style=\"font-weight: 400;\">Bels\u0151 ellen\u0151rz\u00e9s<\/span><\/li><\/ul><\/li><\/ul><\/li><\/ul>\t\t\t\t\t\t\t\t<\/div>\n\t\t\t\t<\/div>\n\t\t\t\t<\/div>\n\t\t\t\t<\/div>\n\t\t\t\t<\/div>","protected":false},"excerpt":{"rendered":"<p>SZOLG\u00c1LTAT\u00c1SOK \u00c1lland\u00f3 k\u00f6nyvvizsg\u00e1lat Irod\u00e1nk f\u0151 profilja a k\u00f6nyvvizsg\u00e1lat, ezen bel\u00fcl az \u00e1lland\u00f3 k\u00f6nyvvizsg\u00e1l\u00f3 feladatk\u00f6r. Megb\u00edz\u00f3inkn\u00e1l a folyamatos k\u00f6nyvvizsg\u00e1l\u00f3i feladatokat a Magyar Nemzeti K\u00f6nyvvizsg\u00e1lati Standardok alapj\u00e1n hajtjuk v\u00e9gre. A k\u00f6nyvvizsg\u00e1lat mag\u00e1ban foglalja a p\u00e9nz\u00fcgyi kimutat\u00e1sok t\u00e9nysz\u00e1mait \u00e9s kijelent\u00e9seit al\u00e1t\u00e1maszt\u00f3 bizony\u00edt\u00e9kok \u00e1tfog\u00f3 vizsg\u00e1lat\u00e1t, emellett tartalmazza az alkalmazott sz\u00e1mviteli alapelvek \u00e9s a vezet\u00e9s \u00e1ltal tett l\u00e9nyeges becsl\u00e9sek meg\u00edt\u00e9l\u00e9s\u00e9t,&#8230;<\/p>","protected":false},"author":1,"featured_media":0,"parent":0,"menu_order":0,"comment_status":"closed","ping_status":"closed","template":"","meta":{"_kad_post_transparent":"","_kad_post_title":"hide","_kad_post_layout":"fullwidth","_kad_post_sidebar_id":"","_kad_post_content_style":"unboxed","_kad_post_vertical_padding":"hide","_kad_post_feature":"hide","_kad_post_feature_position":"","_kad_post_header":false,"_kad_post_footer":false,"footnotes":""},"class_list":["post-1483","page","type-page","status-publish","hentry"],"_links":{"self":[{"href":"https:\/\/quercus.hu\/en\/wp-json\/wp\/v2\/pages\/1483","targetHints":{"allow":["GET"]}}],"collection":[{"href":"https:\/\/quercus.hu\/en\/wp-json\/wp\/v2\/pages"}],"about":[{"href":"https:\/\/quercus.hu\/en\/wp-json\/wp\/v2\/types\/page"}],"author":[{"embeddable":true,"href":"https:\/\/quercus.hu\/en\/wp-json\/wp\/v2\/users\/1"}],"replies":[{"embeddable":true,"href":"https:\/\/quercus.hu\/en\/wp-json\/wp\/v2\/comments?post=1483"}],"version-history":[{"count":73,"href":"https:\/\/quercus.hu\/en\/wp-json\/wp\/v2\/pages\/1483\/revisions"}],"predecessor-version":[{"id":1915,"href":"https:\/\/quercus.hu\/en\/wp-json\/wp\/v2\/pages\/1483\/revisions\/1915"}],"wp:attachment":[{"href":"https:\/\/quercus.hu\/en\/wp-json\/wp\/v2\/media?parent=1483"}],"curies":[{"name":"wp","href":"https:\/\/api.w.org\/{rel}","templated":true}]}}