{"id":611,"date":"2025-02-07T14:25:10","date_gmt":"2025-02-07T14:25:10","guid":{"rendered":"https:\/\/quercus.hu\/?page_id=611"},"modified":"2025-04-25T05:39:29","modified_gmt":"2025-04-25T05:39:29","slug":"bemutatkozo","status":"publish","type":"page","link":"https:\/\/quercus.hu\/en\/bemutatkozo\/","title":{"rendered":"Bemutatkoz\u00f3"},"content":{"rendered":"<div data-elementor-type=\"wp-page\" data-elementor-id=\"611\" class=\"elementor elementor-611\" data-elementor-post-type=\"page\">\n\t\t\t\t<div class=\"elementor-element elementor-element-3b25b189 e-con-full e-flex e-con e-parent\" data-id=\"3b25b189\" data-element_type=\"container\" data-settings=\"{&quot;background_background&quot;:&quot;classic&quot;}\">\n\t\t<div class=\"elementor-element elementor-element-3fa095c e-flex e-con-boxed e-con e-child\" data-id=\"3fa095c\" data-element_type=\"container\" data-settings=\"{&quot;background_background&quot;:&quot;classic&quot;}\">\n\t\t\t\t\t<div class=\"e-con-inner\">\n\t\t\t\t\t<\/div>\n\t\t\t\t<\/div>\n\t\t<div class=\"elementor-element elementor-element-4612a4f e-con-full e-flex e-con e-child\" data-id=\"4612a4f\" data-element_type=\"container\" data-settings=\"{&quot;background_background&quot;:&quot;classic&quot;}\">\n\t\t<div class=\"elementor-element elementor-element-96830fa e-con-full e-flex e-con e-child\" data-id=\"96830fa\" data-element_type=\"container\" data-settings=\"{&quot;background_background&quot;:&quot;classic&quot;}\">\n\t\t\t\t<div class=\"elementor-element elementor-element-b299b12 elementor-widget elementor-widget-heading\" data-id=\"b299b12\" data-element_type=\"widget\" data-widget_type=\"heading.default\">\n\t\t\t\t\t<h2 class=\"elementor-heading-title elementor-size-default\">BEMUTATKOZ\u00c1S<\/h2>\t\t\t\t<\/div>\n\t\t\t\t<div class=\"elementor-element elementor-element-239b7ad elementor-widget elementor-widget-text-editor\" data-id=\"239b7ad\" data-element_type=\"widget\" data-widget_type=\"text-editor.default\">\n\t\t\t\t\t\t\t\t\t<p>A<strong> Quercus K\u00f6nyvvizsg\u00e1l\u00f3 \u00e9s Gazdas\u00e1gi Tan\u00e1csad\u00f3 Iroda<\/strong> 25 \u00e9ve szolg\u00e1ltat<br \/>partnereinek, a k\u00f6nyvvizsg\u00e1lat \u00e9s egy\u00e9b sz\u00e1mviteli feladatok ter\u00fclet\u00e9n. E tev\u00e9kenys\u00e9g\u00e9t,<br \/>k\u00e9t k\u00f6nyvvizsg\u00e1l\u00f3 s egy sz\u00e1mviteli szolg\u00e1ltat\u00f3 t\u00e1rsas\u00e1gon kereszt\u00fcl v\u00e9gzi.<\/p><p>K\u00f6nyvvizsg\u00e1l\u00f3 t\u00e1rsas\u00e1gaink a Magyar K\u00f6nyvvizsg\u00e1l\u00f3i Kamara n\u00e9vjegyz\u00e9k\u00e9ben<br \/>szerepelnek, k\u00f6lts\u00e9gvet\u00e9si, p\u00e9nz\u00fcgyi int\u00e9zm\u00e9nyi, befektet\u00e9si v\u00e1llalkoz\u00e1si, kibocs\u00e1t\u00f3i,<br \/>IFRS, fenntarthat\u00f3s\u00e1gi min\u0151s\u00edt\u00e9ssel, \u00e9s a jogszab\u00e1lyi el\u0151\u00edr\u00e1soknak megfelel\u0151<br \/>felel\u0151ss\u00e9gbiztos\u00edt\u00e1ssal rendelkeznek. <i>(MKVK nyilv\u00e1ntart\u00e1si sz\u00e1mok: Quercus Audit Kft.:<br \/>002651, Quercus Audit RB Kft.: 004413)<\/i>.<\/p><p>Irod\u00e1nk f\u0151 profilja a k\u00f6nyvvizsg\u00e1lat. Orsz\u00e1gos \u00fcgyf\u00e9lk\u00f6r\u00fcnkben jelenleg mintegy 350<br \/>partner\u00fcnkn\u00e9l l\u00e1tjuk el a <b>bejegyzett k\u00f6nyvvizsg\u00e1l\u00f3<\/b> feladatait.<\/p><p>Tev\u00e9kenys\u00e9g\u00fcnk <b>speci\u00e1lis k\u00f6nyvvizsg\u00e1lati feladatok<\/b>ra<b> <\/b>\u00e9s <b>egy\u00e9b sz\u00e1mviteli<br \/>szolg\u00e1ltat\u00e1sok<\/b> ny\u00fajt\u00e1s\u00e1ra is kiterjed.<\/p><p><b>Munkam\u00f3dszer\u00fcnk<\/b><\/p><p>Feladatainkat 3 k\u00f6nyvvizsg\u00e1l\u00f3 \u00e9s 18 szakir\u00e1ny\u00fa fels\u0151fok\u00fa v\u00e9gzetts\u00e9ggel rendelkez\u0151<br \/>kolleg\u00e1nk, 3-4 f\u0151s munkacsoportokban v\u00e9gzi, szakmai \u00e9s operat\u00edv ir\u00e1nyt\u00e1s mellett.<br \/>Munkat\u00e1rsaink m\u00f6g\u00f6tt t\u00f6bb\u00e9ves szakmai tapasztalat, illetve a k\u00f6nyvvizsg\u00e1lat ter\u00fclet\u00e9n<br \/>szerzett \u00e9vtizedes gyakorlat \u00e1ll.<\/p><p>K\u00f6nyvvizsg\u00e1lati feladatainkat a Magyar Nemzeti K\u00f6nyvvizsg\u00e1lati Standardok szerint<br \/>teljes\u00edtj\u00fck, melynek eredm\u00e9nyek\u00e9nt olyan f\u00fcggetlen \u00e9s hiteles v\u00e9lem\u00e9ny ker\u00fcl kibocs\u00e1t\u00e1sra,<br \/>amely korrekt t\u00e1mpont az inform\u00e1ci\u00f3k felhaszn\u00e1l\u00f3i r\u00e9sz\u00e9re.<\/p><p>F\u0151 ir\u00e1nyelv\u00fcnk, megfelelni a szakmai, etikai \u00e9s f\u00fcggetlens\u00e9gi k\u00f6vetelm\u00e9nyeknek.<\/p><p>Meggy\u0151z\u0151d\u00e9s\u00fcnk, hogy a sz\u00ednvonalas szakmai munka, a folyamatos konzult\u00e1ci\u00f3 \u00e9s<br \/>tan\u00e1csad\u00e1s, nagy seg\u00edts\u00e9g partnereiknek munk\u00e1juk sor\u00e1n, biztons\u00e1g\u00e9rzetet ad gazdas\u00e1gi<br \/>d\u00f6nt\u00e9seik meghozatalakor, illetve minim\u00e1lisra cs\u00f6kkenti a hibalehet\u0151s\u00e9geket.<\/p><p>Rendszereinkbe folyamatosan be\u00e9p\u00edtj\u00fck a technikai, informatikai fejl\u0151d\u00e9s adta \u00faj<br \/>lehet\u0151s\u00e9get, kiemelt hangs\u00falyt fektet\u00fcnk a folyamatos bels\u0151 kontrollra is.<\/p><p><b>Partnerk\u00f6r<\/b><\/p><p>Partnerk\u00f6r\u00fcnk sz\u00e9les spektrum\u00fa, mind tev\u00e9kenys\u00e9gi k\u00f6r mind m\u00e9ret tekintet\u00e9ben. A kis \u00e9s<br \/>k\u00f6z\u00e9p v\u00e1llalkoz\u00e1sok, valamint a t\u00f6bb milli\u00e1rdos \u00e1rbev\u00e9tellel \u00e9s saj\u00e1t t\u0151k\u00e9vel rendelkez\u0151<br \/>t\u00e1rsas\u00e1gok k\u00f6z\u00f6tt egyar\u00e1nt tal\u00e1lunk<\/p><ul><li style=\"list-style-type: none;\"><ul><li>ipari, \u00e9lelmiszeripari t\u00e1rsas\u00e1gokat<\/li><li>kereskedelmi \u00e9s szolg\u00e1ltat\u00f3 t\u00e1rsas\u00e1gokat<\/li><li>p\u00e9nz\u00fcgyi v\u00e1llalkoz\u00e1sokat<\/li><li>mez\u0151gazdas\u00e1gi v\u00e1llalkoz\u00e1sokat<\/li><li>\u00f6nkorm\u00e1nyzatokat, egyes\u00fcleteket, alap\u00edtv\u00e1nyokat<\/li><\/ul><\/li><\/ul><p>Sz\u00e1mos k\u00fclf\u00f6ldi tulajdon\u00fa c\u00e9get is \u00fcgyfeleink k\u00f6z\u00f6tt tudhatunk.<\/p>\t\t\t\t\t\t\t\t<\/div>\n\t\t\t\t<\/div>\n\t\t\t\t<\/div>\n\t\t\t\t<\/div>\n\t\t\t\t<\/div>","protected":false},"excerpt":{"rendered":"<p>BEMUTATKOZ\u00c1S A Quercus K\u00f6nyvvizsg\u00e1l\u00f3 \u00e9s Gazdas\u00e1gi Tan\u00e1csad\u00f3 Iroda 25 \u00e9ve szolg\u00e1ltatpartnereinek, a k\u00f6nyvvizsg\u00e1lat \u00e9s egy\u00e9b sz\u00e1mviteli feladatok ter\u00fclet\u00e9n. E tev\u00e9kenys\u00e9g\u00e9t,k\u00e9t k\u00f6nyvvizsg\u00e1l\u00f3 s egy sz\u00e1mviteli szolg\u00e1ltat\u00f3 t\u00e1rsas\u00e1gon kereszt\u00fcl v\u00e9gzi. K\u00f6nyvvizsg\u00e1l\u00f3 t\u00e1rsas\u00e1gaink a Magyar K\u00f6nyvvizsg\u00e1l\u00f3i Kamara n\u00e9vjegyz\u00e9k\u00e9benszerepelnek, k\u00f6lts\u00e9gvet\u00e9si, p\u00e9nz\u00fcgyi int\u00e9zm\u00e9nyi, befektet\u00e9si v\u00e1llalkoz\u00e1si, kibocs\u00e1t\u00f3i,IFRS, fenntarthat\u00f3s\u00e1gi min\u0151s\u00edt\u00e9ssel, \u00e9s a jogszab\u00e1lyi el\u0151\u00edr\u00e1soknak megfelel\u0151felel\u0151ss\u00e9gbiztos\u00edt\u00e1ssal rendelkeznek. (MKVK nyilv\u00e1ntart\u00e1si sz\u00e1mok: Quercus Audit Kft.:002651,&#8230;<\/p>","protected":false},"author":1,"featured_media":0,"parent":0,"menu_order":0,"comment_status":"closed","ping_status":"closed","template":"","meta":{"_kad_post_transparent":"","_kad_post_title":"hide","_kad_post_layout":"fullwidth","_kad_post_sidebar_id":"","_kad_post_content_style":"unboxed","_kad_post_vertical_padding":"hide","_kad_post_feature":"hide","_kad_post_feature_position":"","_kad_post_header":false,"_kad_post_footer":false,"footnotes":""},"class_list":["post-611","page","type-page","status-publish","hentry"],"_links":{"self":[{"href":"https:\/\/quercus.hu\/en\/wp-json\/wp\/v2\/pages\/611","targetHints":{"allow":["GET"]}}],"collection":[{"href":"https:\/\/quercus.hu\/en\/wp-json\/wp\/v2\/pages"}],"about":[{"href":"https:\/\/quercus.hu\/en\/wp-json\/wp\/v2\/types\/page"}],"author":[{"embeddable":true,"href":"https:\/\/quercus.hu\/en\/wp-json\/wp\/v2\/users\/1"}],"replies":[{"embeddable":true,"href":"https:\/\/quercus.hu\/en\/wp-json\/wp\/v2\/comments?post=611"}],"version-history":[{"count":169,"href":"https:\/\/quercus.hu\/en\/wp-json\/wp\/v2\/pages\/611\/revisions"}],"predecessor-version":[{"id":1903,"href":"https:\/\/quercus.hu\/en\/wp-json\/wp\/v2\/pages\/611\/revisions\/1903"}],"wp:attachment":[{"href":"https:\/\/quercus.hu\/en\/wp-json\/wp\/v2\/media?parent=611"}],"curies":[{"name":"wp","href":"https:\/\/api.w.org\/{rel}","templated":true}]}}