{"id":818,"date":"2025-02-17T18:06:19","date_gmt":"2025-02-17T18:06:19","guid":{"rendered":"https:\/\/quercus.hu\/?page_id=818"},"modified":"2025-04-25T19:56:49","modified_gmt":"2025-04-25T19:56:49","slug":"fooldal","status":"publish","type":"page","link":"https:\/\/quercus.hu\/en\/","title":{"rendered":"Main Page"},"content":{"rendered":"<div data-elementor-type=\"wp-page\" data-elementor-id=\"818\" class=\"elementor elementor-818\" data-elementor-post-type=\"page\">\n\t\t\t\t<div class=\"elementor-element elementor-element-82212fe e-con-full e-flex e-con e-parent\" data-id=\"82212fe\" data-element_type=\"container\" data-settings=\"{&quot;background_background&quot;:&quot;classic&quot;}\">\n\t\t\t\t<div class=\"elementor-element elementor-element-7041240 elementor-widget elementor-widget-image\" data-id=\"7041240\" data-element_type=\"widget\" data-widget_type=\"image.default\">\n\t\t\t\t\t\t\t\t\t\t\t\t\t\t\t<img fetchpriority=\"high\" decoding=\"async\" width=\"2166\" height=\"1080\" src=\"https:\/\/quercus.hu\/wp-content\/uploads\/2025\/03\/Quercus_bgV3_6.png\" class=\"attachment-full size-full wp-image-1432\" alt=\"\" srcset=\"https:\/\/quercus.hu\/wp-content\/uploads\/2025\/03\/Quercus_bgV3_6.png 2166w, https:\/\/quercus.hu\/wp-content\/uploads\/2025\/03\/Quercus_bgV3_6-300x150.png 300w, https:\/\/quercus.hu\/wp-content\/uploads\/2025\/03\/Quercus_bgV3_6-1024x511.png 1024w, https:\/\/quercus.hu\/wp-content\/uploads\/2025\/03\/Quercus_bgV3_6-768x383.png 768w, https:\/\/quercus.hu\/wp-content\/uploads\/2025\/03\/Quercus_bgV3_6-1536x766.png 1536w, https:\/\/quercus.hu\/wp-content\/uploads\/2025\/03\/Quercus_bgV3_6-2048x1021.png 2048w, https:\/\/quercus.hu\/wp-content\/uploads\/2025\/03\/Quercus_bgV3_6-18x9.png 18w\" sizes=\"(max-width: 2166px) 100vw, 2166px\" \/>\t\t\t\t\t\t\t\t\t\t\t\t\t\t\t<\/div>\n\t\t\t\t<div class=\"elementor-element elementor-element-56e2479 elementor-widget elementor-widget-heading\" data-id=\"56e2479\" data-element_type=\"widget\" data-widget_type=\"heading.default\">\n\t\t\t\t\t<h2 class=\"elementor-heading-title elementor-size-default\">K\u00f6nyvvizsg\u00e1l\u00f3 \u00e9s Gazdas\u00e1gi Tan\u00e1csad\u00f3 Iroda<\/h2>\t\t\t\t<\/div>\n\t\t\t\t<\/div>\n\t\t\t\t<\/div>","protected":false},"excerpt":{"rendered":"<p>K\u00f6nyvvizsg\u00e1l\u00f3 \u00e9s Gazdas\u00e1gi Tan\u00e1csad\u00f3 Iroda<\/p>","protected":false},"author":1,"featured_media":0,"parent":0,"menu_order":0,"comment_status":"closed","ping_status":"closed","template":"elementor_header_footer","meta":{"_kad_post_transparent":"","_kad_post_title":"hide","_kad_post_layout":"fullwidth","_kad_post_sidebar_id":"","_kad_post_content_style":"unboxed","_kad_post_vertical_padding":"hide","_kad_post_feature":"hide","_kad_post_feature_position":"","_kad_post_header":false,"_kad_post_footer":false,"footnotes":""},"class_list":["post-818","page","type-page","status-publish","hentry"],"_links":{"self":[{"href":"https:\/\/quercus.hu\/en\/wp-json\/wp\/v2\/pages\/818","targetHints":{"allow":["GET"]}}],"collection":[{"href":"https:\/\/quercus.hu\/en\/wp-json\/wp\/v2\/pages"}],"about":[{"href":"https:\/\/quercus.hu\/en\/wp-json\/wp\/v2\/types\/page"}],"author":[{"embeddable":true,"href":"https:\/\/quercus.hu\/en\/wp-json\/wp\/v2\/users\/1"}],"replies":[{"embeddable":true,"href":"https:\/\/quercus.hu\/en\/wp-json\/wp\/v2\/comments?post=818"}],"version-history":[{"count":125,"href":"https:\/\/quercus.hu\/en\/wp-json\/wp\/v2\/pages\/818\/revisions"}],"predecessor-version":[{"id":1936,"href":"https:\/\/quercus.hu\/en\/wp-json\/wp\/v2\/pages\/818\/revisions\/1936"}],"wp:attachment":[{"href":"https:\/\/quercus.hu\/en\/wp-json\/wp\/v2\/media?parent=818"}],"curies":[{"name":"wp","href":"https:\/\/api.w.org\/{rel}","templated":true}]}}